{"id":24530,"date":"2022-07-25T09:47:05","date_gmt":"2022-07-25T07:47:05","guid":{"rendered":"https:\/\/swissdox.ch\/?page_id=24530"},"modified":"2025-10-01T11:42:44","modified_gmt":"2025-10-01T09:42:44","slug":"mentions-legales","status":"publish","type":"page","link":"https:\/\/swissdox.ch\/fr\/mentions-legales\/","title":{"rendered":"Mentions l\u00e9gales"},"content":{"rendered":"\t\t<div data-elementor-type=\"wp-page\" data-elementor-id=\"24530\" class=\"elementor elementor-24530 elementor-24529\" data-elementor-post-type=\"page\">\n\t\t\t\t\t\t<section class=\"elementor-section elementor-top-section elementor-element elementor-element-007987a elementor-section-boxed elementor-section-height-default elementor-section-height-default\" data-id=\"007987a\" data-element_type=\"section\" data-e-type=\"section\" data-settings=\"{&quot;background_background&quot;:&quot;classic&quot;}\">\n\t\t\t\t\t\t<div class=\"elementor-container elementor-column-gap-default\">\n\t\t\t\t\t<div class=\"elementor-column elementor-col-100 elementor-top-column elementor-element elementor-element-91eefc6\" data-id=\"91eefc6\" data-element_type=\"column\" data-e-type=\"column\" data-settings=\"{&quot;background_background&quot;:&quot;classic&quot;}\">\n\t\t\t<div class=\"elementor-widget-wrap elementor-element-populated\">\n\t\t\t\t\t\t<div class=\"elementor-element elementor-element-f37a56e elementor-widget elementor-widget-breadcrumbs\" data-id=\"f37a56e\" data-element_type=\"widget\" data-e-type=\"widget\" data-widget_type=\"breadcrumbs.default\">\n\t\t\t\t<div class=\"elementor-widget-container\">\n\t\t\t\t\t<p id=\"breadcrumbs\"><span><span><a href=\"https:\/\/swissdox.ch\/fr\/\">Home<\/a><\/span><\/span><\/p>\t\t\t\t<\/div>\n\t\t\t\t<\/div>\n\t\t\t\t<div class=\"elementor-element elementor-element-2585e32 elementor-widget elementor-widget-heading\" data-id=\"2585e32\" data-element_type=\"widget\" data-e-type=\"widget\" data-settings=\"{&quot;_animation&quot;:&quot;none&quot;}\" data-widget_type=\"heading.default\">\n\t\t\t\t<div class=\"elementor-widget-container\">\n\t\t\t\t\t<h1 class=\"elementor-heading-title elementor-size-default\">Mentions l\u00e9gales<\/h1>\t\t\t\t<\/div>\n\t\t\t\t<\/div>\n\t\t\t\t<div class=\"elementor-element elementor-element-306a076 elementor-widget elementor-widget-heading\" data-id=\"306a076\" data-element_type=\"widget\" data-e-type=\"widget\" data-widget_type=\"heading.default\">\n\t\t\t\t<div class=\"elementor-widget-container\">\n\t\t\t\t\t<h2 class=\"elementor-heading-title elementor-size-default\">Adresse<\/h2>\t\t\t\t<\/div>\n\t\t\t\t<\/div>\n\t\t\t\t<div class=\"elementor-element elementor-element-e053ace elementor-widget elementor-widget-text-editor\" data-id=\"e053ace\" data-element_type=\"widget\" data-e-type=\"widget\" data-widget_type=\"text-editor.default\">\n\t\t\t\t<div class=\"elementor-widget-container\">\n\t\t\t\t\t\t\t\t\t<p>Swissdox AG<br \/>Badenerstrasse 678<br \/>CH-8048 Z\u00fcrich<br \/>T\u00e9l +41 43 288 30 80<br \/><a href=\"&#x6d;&#97;&#x69;&#x6c;&#116;&#x6f;&#58;c&#x6f;&#110;t&#x61;&#99;t&#x40;&#115;w&#x69;&#115;&#x73;&#x64;&#111;&#x78;&#x2e;&#99;&#x68;\" target=\"_blank\" rel=\"noopener\">&#x63;&#111;&#x6e;&#116;a&#x63;&#116;&#64;&#x73;&#119;&#x69;&#x73;s&#x64;&#111;x&#x2e;&#99;&#x68;<\/a><\/p>\n\t\t\t\t\t\t\t\t<\/div>\n\t\t\t\t<\/div>\n\t\t\t\t<div class=\"elementor-element elementor-element-2dd96e8 elementor-widget elementor-widget-heading\" data-id=\"2dd96e8\" data-element_type=\"widget\" data-e-type=\"widget\" data-widget_type=\"heading.default\">\n\t\t\t\t<div class=\"elementor-widget-container\">\n\t\t\t\t\t<h2 class=\"elementor-heading-title elementor-size-default\">Repr\u00e9sent\u00e9 par<\/h2>\t\t\t\t<\/div>\n\t\t\t\t<\/div>\n\t\t\t\t<div class=\"elementor-element elementor-element-c5a8008 elementor-widget elementor-widget-text-editor\" data-id=\"c5a8008\" data-element_type=\"widget\" data-e-type=\"widget\" data-widget_type=\"text-editor.default\">\n\t\t\t\t<div class=\"elementor-widget-container\">\n\t\t\t\t\t\t\t\t\t<p>Roberto Nespeca<\/p>\n\t\t\t\t\t\t\t\t<\/div>\n\t\t\t\t<\/div>\n\t\t\t\t<div class=\"elementor-element elementor-element-b7f746e elementor-widget elementor-widget-heading\" data-id=\"b7f746e\" data-element_type=\"widget\" data-e-type=\"widget\" data-widget_type=\"heading.default\">\n\t\t\t\t<div class=\"elementor-widget-container\">\n\t\t\t\t\t<h2 class=\"elementor-heading-title elementor-size-default\">Num\u00e9ros de registre<\/h2>\t\t\t\t<\/div>\n\t\t\t\t<\/div>\n\t\t\t\t<div class=\"elementor-element elementor-element-b32f6a1 elementor-widget elementor-widget-text-editor\" data-id=\"b32f6a1\" data-element_type=\"widget\" data-e-type=\"widget\" data-widget_type=\"text-editor.default\">\n\t\t\t\t<div class=\"elementor-widget-container\">\n\t\t\t\t\t\t\t\t\t<p>TVA: CHE-109.498.084 TVA<br \/>\nUID: CHE-109.498.084<\/p>\n\t\t\t\t\t\t\t\t<\/div>\n\t\t\t\t<\/div>\n\t\t\t\t<div class=\"elementor-element elementor-element-beda2a0 elementor-widget elementor-widget-heading\" data-id=\"beda2a0\" data-element_type=\"widget\" data-e-type=\"widget\" data-widget_type=\"heading.default\">\n\t\t\t\t<div class=\"elementor-widget-container\">\n\t\t\t\t\t<h2 class=\"elementor-heading-title elementor-size-default\">Copyright<\/h2>\t\t\t\t<\/div>\n\t\t\t\t<\/div>\n\t\t\t\t<div class=\"elementor-element elementor-element-efe3b4d elementor-widget elementor-widget-text-editor\" data-id=\"efe3b4d\" data-element_type=\"widget\" data-e-type=\"widget\" data-widget_type=\"text-editor.default\">\n\t\t\t\t<div class=\"elementor-widget-container\">\n\t\t\t\t\t\t\t\t\t<p>\u00a9 2026 &#8211; Swissdox AG<br \/>Tous droits r\u00e9serv\u00e9s.<\/p>\n\t\t\t\t\t\t\t\t<\/div>\n\t\t\t\t<\/div>\n\t\t\t\t\t<\/div>\n\t\t<\/div>\n\t\t\t\t\t<\/div>\n\t\t<\/section>\n\t\t\t\t<\/div>\n\t\t","protected":false},"excerpt":{"rendered":"<p>Mentions l\u00e9gales Adresse Swissdox AGBadenerstrasse 678CH-8048 Z\u00fcrichT\u00e9l +41 43 288 30 80&#99;o&#x6e;t&#x61;c&#x74;&#64;&#x73;w&#x69;s&#x73;&#100;&#x6f;&#120;&#x2e;&#99;&#x68; Repr\u00e9sent\u00e9 par Roberto Nespeca Num\u00e9ros de registre TVA: CHE-109.498.084 TVA UID: CHE-109.498.084 Copyright \u00a9 &#8211; Swissdox AGTous droits r\u00e9serv\u00e9s.<\/p>\n","protected":false},"author":1,"featured_media":0,"parent":0,"menu_order":20,"comment_status":"closed","ping_status":"closed","template":"","meta":{"_acf_changed":false,"inline_featured_image":false,"ocean_post_layout":"full-screen","ocean_both_sidebars_style":"","ocean_both_sidebars_content_width":0,"ocean_both_sidebars_sidebars_width":0,"ocean_sidebar":"0","ocean_second_sidebar":"0","ocean_disable_margins":"enable","ocean_add_body_class":"","ocean_shortcode_before_top_bar":"","ocean_shortcode_after_top_bar":"","ocean_shortcode_before_header":"","ocean_shortcode_after_header":"","ocean_has_shortcode":"","ocean_shortcode_after_title":"","ocean_shortcode_before_footer_widgets":"","ocean_shortcode_after_footer_widgets":"","ocean_shortcode_before_footer_bottom":"","ocean_shortcode_after_footer_bottom":"","ocean_display_top_bar":"off","ocean_display_header":"default","ocean_header_style":"","ocean_center_header_left_menu":"0","ocean_custom_header_template":"0","ocean_custom_logo":0,"ocean_custom_retina_logo":0,"ocean_custom_logo_max_width":0,"ocean_custom_logo_tablet_max_width":0,"ocean_custom_logo_mobile_max_width":0,"ocean_custom_logo_max_height":0,"ocean_custom_logo_tablet_max_height":0,"ocean_custom_logo_mobile_max_height":0,"ocean_header_custom_menu":"0","ocean_menu_typo_font_family":"0","ocean_menu_typo_font_subset":"","ocean_menu_typo_font_size":0,"ocean_menu_typo_font_size_tablet":0,"ocean_menu_typo_font_size_mobile":0,"ocean_menu_typo_font_size_unit":"px","ocean_menu_typo_font_weight":"","ocean_menu_typo_font_weight_tablet":"","ocean_menu_typo_font_weight_mobile":"","ocean_menu_typo_transform":"","ocean_menu_typo_transform_tablet":"","ocean_menu_typo_transform_mobile":"","ocean_menu_typo_line_height":0,"ocean_menu_typo_line_height_tablet":0,"ocean_menu_typo_line_height_mobile":0,"ocean_menu_typo_line_height_unit":"","ocean_menu_typo_spacing":0,"ocean_menu_typo_spacing_tablet":0,"ocean_menu_typo_spacing_mobile":0,"ocean_menu_typo_spacing_unit":"","ocean_menu_link_color":"","ocean_menu_link_color_hover":"","ocean_menu_link_color_active":"","ocean_menu_link_background":"","ocean_menu_link_hover_background":"","ocean_menu_link_active_background":"","ocean_menu_social_links_bg":"","ocean_menu_social_hover_links_bg":"","ocean_menu_social_links_color":"","ocean_menu_social_hover_links_color":"","ocean_disable_title":"on","ocean_disable_heading":"default","ocean_post_title":"","ocean_post_subheading":"","ocean_post_title_style":"","ocean_post_title_background_color":"","ocean_post_title_background":0,"ocean_post_title_bg_image_position":"","ocean_post_title_bg_image_attachment":"","ocean_post_title_bg_image_repeat":"","ocean_post_title_bg_image_size":"","ocean_post_title_height":0,"ocean_post_title_bg_overlay":0.5,"ocean_post_title_bg_overlay_color":"","ocean_disable_breadcrumbs":"default","ocean_breadcrumbs_color":"","ocean_breadcrumbs_separator_color":"","ocean_breadcrumbs_links_color":"","ocean_breadcrumbs_links_hover_color":"","ocean_display_footer_widgets":"default","ocean_display_footer_bottom":"default","ocean_custom_footer_template":"0","footnotes":""},"class_list":["post-24530","page","type-page","status-publish","hentry","entry"],"acf":[],"yoast_head":"<!-- This site is optimized with the Yoast SEO plugin v27.5 - https:\/\/yoast.com\/product\/yoast-seo-wordpress\/ -->\n<title>Mentions l\u00e9gales - Swissdox<\/title>\n<meta name=\"robots\" content=\"noindex, follow\" \/>\n<meta property=\"og:locale\" content=\"fr_FR\" \/>\n<meta property=\"og:type\" content=\"article\" \/>\n<meta property=\"og:title\" content=\"Mentions l\u00e9gales - Swissdox\" \/>\n<meta property=\"og:description\" content=\"Mentions l\u00e9gales Adresse Swissdox AGBadenerstrasse 678CH-8048 Z\u00fcrichT\u00e9l +41 43 288 30 80&#099;&#x6f;&#110;&#x74;a&#x63;t&#064;&#x73;&#119;&#x69;&#115;&#x73;d&#x6f;x&#046;&#x63;&#104; Repr\u00e9sent\u00e9 par Roberto Nespeca Num\u00e9ros de registre TVA: CHE-109.498.084 TVA UID: CHE-109.498.084 Copyright \u00a9 &#8211; Swissdox AGTous droits r\u00e9serv\u00e9s.\" \/>\n<meta property=\"og:url\" content=\"https:\/\/swissdox.ch\/fr\/mentions-legales\/\" \/>\n<meta property=\"og:site_name\" content=\"Swissdox\" \/>\n<meta property=\"article:modified_time\" content=\"2025-10-01T09:42:44+00:00\" \/>\n<meta name=\"twitter:card\" content=\"summary_large_image\" \/>\n<script type=\"application\/ld+json\" class=\"yoast-schema-graph\">{\"@context\":\"https:\\\/\\\/schema.org\",\"@graph\":[{\"@type\":\"WebPage\",\"@id\":\"https:\\\/\\\/swissdox.ch\\\/fr\\\/mentions-legales\\\/\",\"url\":\"https:\\\/\\\/swissdox.ch\\\/fr\\\/mentions-legales\\\/\",\"name\":\"Mentions l\u00e9gales - Swissdox\",\"isPartOf\":{\"@id\":\"https:\\\/\\\/swissdox.ch\\\/fr\\\/#website\"},\"datePublished\":\"2022-07-25T07:47:05+00:00\",\"dateModified\":\"2025-10-01T09:42:44+00:00\",\"breadcrumb\":{\"@id\":\"https:\\\/\\\/swissdox.ch\\\/fr\\\/mentions-legales\\\/#breadcrumb\"},\"inLanguage\":\"fr-FR\",\"potentialAction\":[{\"@type\":\"ReadAction\",\"target\":[\"https:\\\/\\\/swissdox.ch\\\/fr\\\/mentions-legales\\\/\"]}]},{\"@type\":\"BreadcrumbList\",\"@id\":\"https:\\\/\\\/swissdox.ch\\\/fr\\\/mentions-legales\\\/#breadcrumb\",\"itemListElement\":[{\"@type\":\"ListItem\",\"position\":1,\"name\":\"Home\",\"item\":\"https:\\\/\\\/swissdox.ch\\\/fr\\\/\"},{\"@type\":\"ListItem\",\"position\":2,\"name\":\"Mentions l\u00e9gales\"}]},{\"@type\":\"WebSite\",\"@id\":\"https:\\\/\\\/swissdox.ch\\\/fr\\\/#website\",\"url\":\"https:\\\/\\\/swissdox.ch\\\/fr\\\/\",\"name\":\"Swissdox\",\"description\":\"Medienbeobachtung\",\"publisher\":{\"@id\":\"https:\\\/\\\/swissdox.ch\\\/fr\\\/#organization\"},\"potentialAction\":[{\"@type\":\"SearchAction\",\"target\":{\"@type\":\"EntryPoint\",\"urlTemplate\":\"https:\\\/\\\/swissdox.ch\\\/fr\\\/?s={search_term_string}\"},\"query-input\":{\"@type\":\"PropertyValueSpecification\",\"valueRequired\":true,\"valueName\":\"search_term_string\"}}],\"inLanguage\":\"fr-FR\"},{\"@type\":\"Organization\",\"@id\":\"https:\\\/\\\/swissdox.ch\\\/fr\\\/#organization\",\"name\":\"Swissdox AG\",\"url\":\"https:\\\/\\\/swissdox.ch\\\/fr\\\/\",\"logo\":{\"@type\":\"ImageObject\",\"inLanguage\":\"fr-FR\",\"@id\":\"https:\\\/\\\/swissdox.ch\\\/fr\\\/#\\\/schema\\\/logo\\\/image\\\/\",\"url\":\"https:\\\/\\\/swissdox.ch\\\/wp-content\\\/uploads\\\/2020\\\/06\\\/swissdox_lowresolution_logo.jpg\",\"contentUrl\":\"https:\\\/\\\/swissdox.ch\\\/wp-content\\\/uploads\\\/2020\\\/06\\\/swissdox_lowresolution_logo.jpg\",\"width\":704,\"height\":163,\"caption\":\"Swissdox AG\"},\"image\":{\"@id\":\"https:\\\/\\\/swissdox.ch\\\/fr\\\/#\\\/schema\\\/logo\\\/image\\\/\"}}]}<\/script>\n<!-- \/ Yoast SEO plugin. -->","yoast_head_json":{"title":"Mentions l\u00e9gales - Swissdox","robots":{"index":"noindex","follow":"follow"},"og_locale":"fr_FR","og_type":"article","og_title":"Mentions l\u00e9gales - Swissdox","og_description":"Mentions l\u00e9gales Adresse Swissdox AGBadenerstrasse 678CH-8048 Z\u00fcrichT\u00e9l +41 43 288 30 80&#x63;&#111;&#110;t&#x61;&#x63;&#116;&#64;&#x73;&#x77;&#105;s&#x73;&#x64;&#111;x&#x2e;&#x63;&#104; Repr\u00e9sent\u00e9 par Roberto Nespeca Num\u00e9ros de registre TVA: CHE-109.498.084 TVA UID: CHE-109.498.084 Copyright \u00a9 &#8211; Swissdox AGTous droits r\u00e9serv\u00e9s.","og_url":"https:\/\/swissdox.ch\/fr\/mentions-legales\/","og_site_name":"Swissdox","article_modified_time":"2025-10-01T09:42:44+00:00","twitter_card":"summary_large_image","schema":{"@context":"https:\/\/schema.org","@graph":[{"@type":"WebPage","@id":"https:\/\/swissdox.ch\/fr\/mentions-legales\/","url":"https:\/\/swissdox.ch\/fr\/mentions-legales\/","name":"Mentions l\u00e9gales - Swissdox","isPartOf":{"@id":"https:\/\/swissdox.ch\/fr\/#website"},"datePublished":"2022-07-25T07:47:05+00:00","dateModified":"2025-10-01T09:42:44+00:00","breadcrumb":{"@id":"https:\/\/swissdox.ch\/fr\/mentions-legales\/#breadcrumb"},"inLanguage":"fr-FR","potentialAction":[{"@type":"ReadAction","target":["https:\/\/swissdox.ch\/fr\/mentions-legales\/"]}]},{"@type":"BreadcrumbList","@id":"https:\/\/swissdox.ch\/fr\/mentions-legales\/#breadcrumb","itemListElement":[{"@type":"ListItem","position":1,"name":"Home","item":"https:\/\/swissdox.ch\/fr\/"},{"@type":"ListItem","position":2,"name":"Mentions l\u00e9gales"}]},{"@type":"WebSite","@id":"https:\/\/swissdox.ch\/fr\/#website","url":"https:\/\/swissdox.ch\/fr\/","name":"Swissdox","description":"Medienbeobachtung","publisher":{"@id":"https:\/\/swissdox.ch\/fr\/#organization"},"potentialAction":[{"@type":"SearchAction","target":{"@type":"EntryPoint","urlTemplate":"https:\/\/swissdox.ch\/fr\/?s={search_term_string}"},"query-input":{"@type":"PropertyValueSpecification","valueRequired":true,"valueName":"search_term_string"}}],"inLanguage":"fr-FR"},{"@type":"Organization","@id":"https:\/\/swissdox.ch\/fr\/#organization","name":"Swissdox AG","url":"https:\/\/swissdox.ch\/fr\/","logo":{"@type":"ImageObject","inLanguage":"fr-FR","@id":"https:\/\/swissdox.ch\/fr\/#\/schema\/logo\/image\/","url":"https:\/\/swissdox.ch\/wp-content\/uploads\/2020\/06\/swissdox_lowresolution_logo.jpg","contentUrl":"https:\/\/swissdox.ch\/wp-content\/uploads\/2020\/06\/swissdox_lowresolution_logo.jpg","width":704,"height":163,"caption":"Swissdox AG"},"image":{"@id":"https:\/\/swissdox.ch\/fr\/#\/schema\/logo\/image\/"}}]}},"_links":{"self":[{"href":"https:\/\/swissdox.ch\/fr\/wp-json\/wp\/v2\/pages\/24530","targetHints":{"allow":["GET"]}}],"collection":[{"href":"https:\/\/swissdox.ch\/fr\/wp-json\/wp\/v2\/pages"}],"about":[{"href":"https:\/\/swissdox.ch\/fr\/wp-json\/wp\/v2\/types\/page"}],"author":[{"embeddable":true,"href":"https:\/\/swissdox.ch\/fr\/wp-json\/wp\/v2\/users\/1"}],"replies":[{"embeddable":true,"href":"https:\/\/swissdox.ch\/fr\/wp-json\/wp\/v2\/comments?post=24530"}],"version-history":[{"count":10,"href":"https:\/\/swissdox.ch\/fr\/wp-json\/wp\/v2\/pages\/24530\/revisions"}],"predecessor-version":[{"id":65516,"href":"https:\/\/swissdox.ch\/fr\/wp-json\/wp\/v2\/pages\/24530\/revisions\/65516"}],"wp:attachment":[{"href":"https:\/\/swissdox.ch\/fr\/wp-json\/wp\/v2\/media?parent=24530"}],"curies":[{"name":"wp","href":"https:\/\/api.w.org\/{rel}","templated":true}]}}