{"id":25242,"date":"2022-07-25T14:04:53","date_gmt":"2022-07-25T12:04:53","guid":{"rendered":"https:\/\/swissdox.ch\/?page_id=25242"},"modified":"2023-10-23T14:25:25","modified_gmt":"2023-10-23T12:25:25","slug":"veille-media","status":"publish","type":"page","link":"https:\/\/swissdox.ch\/fr\/veille-media\/","title":{"rendered":"Veille m\u00e9dia"},"content":{"rendered":"\t\t<div data-elementor-type=\"wp-page\" data-elementor-id=\"25242\" class=\"elementor elementor-25242 elementor-25241\" data-elementor-post-type=\"page\">\n\t\t\t\t\t\t<section class=\"elementor-section elementor-top-section elementor-element elementor-element-aaaffc2 elementor-section-boxed elementor-section-height-default elementor-section-height-default\" data-id=\"aaaffc2\" data-element_type=\"section\" data-e-type=\"section\">\n\t\t\t\t\t\t<div class=\"elementor-container elementor-column-gap-default\">\n\t\t\t\t\t<div class=\"elementor-column elementor-col-100 elementor-top-column elementor-element elementor-element-34b2c9c\" data-id=\"34b2c9c\" data-element_type=\"column\" data-e-type=\"column\">\n\t\t\t<div class=\"elementor-widget-wrap elementor-element-populated\">\n\t\t\t\t\t\t<div class=\"elementor-element elementor-element-03eb0d3 elementor-widget elementor-widget-breadcrumbs\" data-id=\"03eb0d3\" data-element_type=\"widget\" data-e-type=\"widget\" data-widget_type=\"breadcrumbs.default\">\n\t\t\t\t<div class=\"elementor-widget-container\">\n\t\t\t\t\t<p id=\"breadcrumbs\"><span><span><a href=\"https:\/\/swissdox.ch\/fr\/\">Home<\/a><\/span><\/span><\/p>\t\t\t\t<\/div>\n\t\t\t\t<\/div>\n\t\t\t\t\t<\/div>\n\t\t<\/div>\n\t\t\t\t\t<\/div>\n\t\t<\/section>\n\t\t\t\t<section class=\"elementor-section elementor-top-section elementor-element elementor-element-ec1f365 elementor-section-boxed elementor-section-height-default elementor-section-height-default\" data-id=\"ec1f365\" data-element_type=\"section\" data-e-type=\"section\" data-settings=\"{&quot;background_background&quot;:&quot;classic&quot;}\">\n\t\t\t\t\t\t<div class=\"elementor-container elementor-column-gap-default\">\n\t\t\t\t\t<div class=\"elementor-column elementor-col-50 elementor-top-column elementor-element elementor-element-e8c2093\" data-id=\"e8c2093\" data-element_type=\"column\" data-e-type=\"column\" data-settings=\"{&quot;background_background&quot;:&quot;classic&quot;}\">\n\t\t\t<div class=\"elementor-widget-wrap elementor-element-populated\">\n\t\t\t\t\t<div class=\"elementor-background-overlay\"><\/div>\n\t\t\t\t\t\t<div class=\"elementor-element elementor-element-ef942fd elementor-widget elementor-widget-image\" data-id=\"ef942fd\" data-element_type=\"widget\" data-e-type=\"widget\" data-widget_type=\"image.default\">\n\t\t\t\t<div class=\"elementor-widget-container\">\n\t\t\t\t\t\t\t\t\t\t\t\t\t\t\t<img fetchpriority=\"high\" decoding=\"async\" width=\"960\" height=\"721\" src=\"https:\/\/swissdox.ch\/wp-content\/uploads\/2022\/08\/swissdox-multi-device.jpg\" class=\"attachment-full size-full wp-image-32390\" alt=\"Swissdox Multi-Device\" srcset=\"https:\/\/swissdox.ch\/wp-content\/uploads\/2022\/08\/swissdox-multi-device.jpg 960w, https:\/\/swissdox.ch\/wp-content\/uploads\/2022\/08\/swissdox-multi-device-300x225.jpg 300w, https:\/\/swissdox.ch\/wp-content\/uploads\/2022\/08\/swissdox-multi-device-768x577.jpg 768w\" sizes=\"(max-width: 960px) 100vw, 960px\" \/>\t\t\t\t\t\t\t\t\t\t\t\t\t\t\t<\/div>\n\t\t\t\t<\/div>\n\t\t\t\t\t<\/div>\n\t\t<\/div>\n\t\t\t\t<div class=\"elementor-column elementor-col-50 elementor-top-column elementor-element elementor-element-e4c427c\" data-id=\"e4c427c\" data-element_type=\"column\" data-e-type=\"column\" data-settings=\"{&quot;background_background&quot;:&quot;classic&quot;}\">\n\t\t\t<div class=\"elementor-widget-wrap elementor-element-populated\">\n\t\t\t\t\t\t<div class=\"elementor-element elementor-element-8e90790 elementor-widget elementor-widget-heading\" data-id=\"8e90790\" data-element_type=\"widget\" data-e-type=\"widget\" data-widget_type=\"heading.default\">\n\t\t\t\t<div class=\"elementor-widget-container\">\n\t\t\t\t\t<h2 class=\"elementor-heading-title elementor-size-default\">R\u00e9sonance m\u00e9diatique<\/h2>\t\t\t\t<\/div>\n\t\t\t\t<\/div>\n\t\t\t\t<div class=\"elementor-element elementor-element-a34ca39 elementor-widget elementor-widget-text-editor\" data-id=\"a34ca39\" data-element_type=\"widget\" data-e-type=\"widget\" data-widget_type=\"text-editor.default\">\n\t\t\t\t<div class=\"elementor-widget-container\">\n\t\t\t\t\t\t\t\t\t<p>Comment votre entreprise ou organisation est-elle per\u00e7ue par les m\u00e9dias ?<br \/>\nVotre communication est-elle efficace ?<br \/>\nQuels sont les sujets qui pr\u00e9occupent le public ?<\/p>\n<p>Avec Swissdox, vous le d\u00e9couvrirez.<\/p>\n<p>Vous d\u00e9terminez de mani\u00e8re simple et en temps r\u00e9el l&rsquo;\u00e9cho m\u00e9diatique de votre organisation ou de vos campagnes.<\/p>\n\t\t\t\t\t\t\t\t<\/div>\n\t\t\t\t<\/div>\n\t\t\t\t\t<\/div>\n\t\t<\/div>\n\t\t\t\t\t<\/div>\n\t\t<\/section>\n\t\t\t\t<section class=\"elementor-section elementor-top-section elementor-element elementor-element-029cecd elementor-section-boxed elementor-section-height-default elementor-section-height-default\" data-id=\"029cecd\" data-element_type=\"section\" data-e-type=\"section\">\n\t\t\t\t\t\t<div class=\"elementor-container elementor-column-gap-default\">\n\t\t\t\t\t<div class=\"elementor-column elementor-col-50 elementor-top-column elementor-element elementor-element-3daef9f\" data-id=\"3daef9f\" data-element_type=\"column\" data-e-type=\"column\" data-settings=\"{&quot;background_background&quot;:&quot;classic&quot;}\">\n\t\t\t<div class=\"elementor-widget-wrap elementor-element-populated\">\n\t\t\t\t\t\t<div class=\"elementor-element elementor-element-6176bd8 elementor-widget elementor-widget-heading\" data-id=\"6176bd8\" data-element_type=\"widget\" data-e-type=\"widget\" data-widget_type=\"heading.default\">\n\t\t\t\t<div class=\"elementor-widget-container\">\n\t\t\t\t\t<h2 class=\"elementor-heading-title elementor-size-default\">Monitoring des m\u00e9dias<\/h2>\t\t\t\t<\/div>\n\t\t\t\t<\/div>\n\t\t\t\t<div class=\"elementor-element elementor-element-1feb7d8 elementor-widget elementor-widget-text-editor\" data-id=\"1feb7d8\" data-element_type=\"widget\" data-e-type=\"widget\" data-widget_type=\"text-editor.default\">\n\t\t\t\t<div class=\"elementor-widget-container\">\n\t\t\t\t\t\t\t\t\t<ul>\r\n \t<li>Vous cr\u00e9ez vous-m\u00eame vos demandes de recherche.<\/li>\r\n \t<li>Les r\u00e9sultats sont envoy\u00e9s automatiquement chaque jour par e-mail aux destinataires souhait\u00e9s, \u00e0 une heure choisie.<\/li>\r\n \t<li>Vous pouvez effectuer des recherches 24 heures sur 24 dans des archives m\u00e9diatiques compl\u00e8tes et actualis\u00e9es en permanence.<\/li>\r\n \t<li>Les sources imprim\u00e9es sont actualis\u00e9es quotidiennement (disponibles pour la plupart \u00e0 partir de 06h00, int\u00e9gralement \u00e0 partir de 09h00).<\/li>\r\n \t<li>Les sources en ligne sont actualis\u00e9es toutes les dix minutes \u00e0 partir de la publication du flux RSS.<\/li>\r\n \t<li>Les \u00e9missions de t\u00e9l\u00e9vision et de radio sont int\u00e9gr\u00e9es plusieurs fois par jour \u00e0 la base de donn\u00e9es.<\/li>\r\n<\/ul>\t\t\t\t\t\t\t\t<\/div>\n\t\t\t\t<\/div>\n\t\t\t\t\t<\/div>\n\t\t<\/div>\n\t\t\t\t<div class=\"elementor-column elementor-col-50 elementor-top-column elementor-element elementor-element-a0d883d\" data-id=\"a0d883d\" data-element_type=\"column\" data-e-type=\"column\" data-settings=\"{&quot;background_background&quot;:&quot;classic&quot;}\">\n\t\t\t<div class=\"elementor-widget-wrap elementor-element-populated\">\n\t\t\t\t\t\t<div class=\"elementor-element elementor-element-abbf22e elementor-widget elementor-widget-heading\" data-id=\"abbf22e\" data-element_type=\"widget\" data-e-type=\"widget\" data-widget_type=\"heading.default\">\n\t\t\t\t<div class=\"elementor-widget-container\">\n\t\t\t\t\t<h2 class=\"elementor-heading-title elementor-size-default\">T\u00e9l\u00e9chargement et envoi<\/h2>\t\t\t\t<\/div>\n\t\t\t\t<\/div>\n\t\t\t\t<div class=\"elementor-element elementor-element-bba2b7b elementor-widget elementor-widget-text-editor\" data-id=\"bba2b7b\" data-element_type=\"widget\" data-e-type=\"widget\" data-widget_type=\"text-editor.default\">\n\t\t\t\t<div class=\"elementor-widget-container\">\n\t\t\t\t\t\t\t\t\t<ul>\n<li>Les articles sont affich\u00e9s dans leur texte int\u00e9gral au format HTML et les originaux imprim\u00e9s sous forme de pages enti\u00e8res de journal au format PDF.<\/li>\n<li>Les \u00e9missions de radio et de t\u00e9l\u00e9vision sont affich\u00e9es sous forme de transcriptions ou de collections de sous-titres avec des horodatages li\u00e9s au format HTML.<\/li>\n<li>Les articles peuvent \u00eatre t\u00e9l\u00e9charg\u00e9s individuellement ou en vrac, ou envoy\u00e9s par e-mail.<\/li>\n<li>Vous disposez d&rsquo;une interface utilisateur multi-appareils intuitive pour t\u00e9l\u00e9phone mobile, tablette, ordinateur portable et de bureau.<\/li>\n<\/ul>\n\t\t\t\t\t\t\t\t<\/div>\n\t\t\t\t<\/div>\n\t\t\t\t\t<\/div>\n\t\t<\/div>\n\t\t\t\t\t<\/div>\n\t\t<\/section>\n\t\t\t\t<\/div>\n\t\t","protected":false},"excerpt":{"rendered":"<p>R\u00e9sonance m\u00e9diatique Comment votre entreprise ou organisation est-elle per\u00e7ue par les m\u00e9dias ? Votre communication est-elle efficace ? Quels sont les sujets qui pr\u00e9occupent le public ? Avec Swissdox, vous le d\u00e9couvrirez. Vous d\u00e9terminez de mani\u00e8re simple et en temps r\u00e9el l&rsquo;\u00e9cho m\u00e9diatique de votre organisation ou de vos campagnes. Monitoring des m\u00e9dias Vous cr\u00e9ez [&hellip;]<\/p>\n","protected":false},"author":1,"featured_media":15270,"parent":0,"menu_order":11,"comment_status":"closed","ping_status":"closed","template":"","meta":{"_acf_changed":false,"inline_featured_image":false,"ocean_post_layout":"full-screen","ocean_both_sidebars_style":"","ocean_both_sidebars_content_width":0,"ocean_both_sidebars_sidebars_width":0,"ocean_sidebar":"0","ocean_second_sidebar":"0","ocean_disable_margins":"enable","ocean_add_body_class":"","ocean_shortcode_before_top_bar":"","ocean_shortcode_after_top_bar":"","ocean_shortcode_before_header":"","ocean_shortcode_after_header":"","ocean_has_shortcode":"","ocean_shortcode_after_title":"","ocean_shortcode_before_footer_widgets":"","ocean_shortcode_after_footer_widgets":"","ocean_shortcode_before_footer_bottom":"","ocean_shortcode_after_footer_bottom":"","ocean_display_top_bar":"off","ocean_display_header":"default","ocean_header_style":"","ocean_center_header_left_menu":"0","ocean_custom_header_template":"0","ocean_custom_logo":0,"ocean_custom_retina_logo":0,"ocean_custom_logo_max_width":0,"ocean_custom_logo_tablet_max_width":0,"ocean_custom_logo_mobile_max_width":0,"ocean_custom_logo_max_height":0,"ocean_custom_logo_tablet_max_height":0,"ocean_custom_logo_mobile_max_height":0,"ocean_header_custom_menu":"0","ocean_menu_typo_font_family":"0","ocean_menu_typo_font_subset":"","ocean_menu_typo_font_size":0,"ocean_menu_typo_font_size_tablet":0,"ocean_menu_typo_font_size_mobile":0,"ocean_menu_typo_font_size_unit":"px","ocean_menu_typo_font_weight":"","ocean_menu_typo_font_weight_tablet":"","ocean_menu_typo_font_weight_mobile":"","ocean_menu_typo_transform":"","ocean_menu_typo_transform_tablet":"","ocean_menu_typo_transform_mobile":"","ocean_menu_typo_line_height":0,"ocean_menu_typo_line_height_tablet":0,"ocean_menu_typo_line_height_mobile":0,"ocean_menu_typo_line_height_unit":"","ocean_menu_typo_spacing":0,"ocean_menu_typo_spacing_tablet":0,"ocean_menu_typo_spacing_mobile":0,"ocean_menu_typo_spacing_unit":"","ocean_menu_link_color":"","ocean_menu_link_color_hover":"","ocean_menu_link_color_active":"","ocean_menu_link_background":"","ocean_menu_link_hover_background":"","ocean_menu_link_active_background":"","ocean_menu_social_links_bg":"","ocean_menu_social_hover_links_bg":"","ocean_menu_social_links_color":"","ocean_menu_social_hover_links_color":"","ocean_disable_title":"on","ocean_disable_heading":"default","ocean_post_title":"","ocean_post_subheading":"","ocean_post_title_style":"","ocean_post_title_background_color":"","ocean_post_title_background":0,"ocean_post_title_bg_image_position":"","ocean_post_title_bg_image_attachment":"","ocean_post_title_bg_image_repeat":"","ocean_post_title_bg_image_size":"","ocean_post_title_height":0,"ocean_post_title_bg_overlay":0.5,"ocean_post_title_bg_overlay_color":"","ocean_disable_breadcrumbs":"default","ocean_breadcrumbs_color":"","ocean_breadcrumbs_separator_color":"","ocean_breadcrumbs_links_color":"","ocean_breadcrumbs_links_hover_color":"","ocean_display_footer_widgets":"default","ocean_display_footer_bottom":"default","ocean_custom_footer_template":"0","footnotes":""},"class_list":["post-25242","page","type-page","status-publish","has-post-thumbnail","hentry","entry","has-media"],"acf":[],"yoast_head":"<!-- This site is optimized with the Yoast SEO plugin v27.5 - https:\/\/yoast.com\/product\/yoast-seo-wordpress\/ -->\n<title>R\u00e9sonance m\u00e9diatique - Swissdox<\/title>\n<meta name=\"description\" content=\"Comment votre entreprise est-elle per\u00e7ue par les m\u00e9dias ? Votre communication est-elle efficace ?Quels sont les d\u00e9bats du moment ? Swissdox a les r\u00e9ponses.\" \/>\n<meta name=\"robots\" content=\"index, follow, max-snippet:-1, max-image-preview:large, max-video-preview:-1\" \/>\n<link rel=\"canonical\" href=\"https:\/\/swissdox.ch\/fr\/veille-media\/\" \/>\n<meta property=\"og:locale\" content=\"fr_FR\" \/>\n<meta property=\"og:type\" content=\"article\" \/>\n<meta property=\"og:title\" content=\"R\u00e9sonance m\u00e9diatique - Swissdox\" \/>\n<meta property=\"og:description\" content=\"Comment votre entreprise est-elle per\u00e7ue par les m\u00e9dias ? Votre communication est-elle efficace ?Quels sont les d\u00e9bats du moment ? Swissdox a les r\u00e9ponses.\" \/>\n<meta property=\"og:url\" content=\"https:\/\/swissdox.ch\/fr\/veille-media\/\" \/>\n<meta property=\"og:site_name\" content=\"Swissdox\" \/>\n<meta property=\"article:modified_time\" content=\"2023-10-23T12:25:25+00:00\" \/>\n<meta property=\"og:image\" content=\"https:\/\/swissdox.ch\/wp-content\/uploads\/2022\/01\/swissdox_logo_700x700.jpg\" \/>\n\t<meta property=\"og:image:width\" content=\"700\" \/>\n\t<meta property=\"og:image:height\" content=\"700\" \/>\n\t<meta property=\"og:image:type\" content=\"image\/jpeg\" \/>\n<meta name=\"twitter:card\" content=\"summary_large_image\" \/>\n<meta name=\"twitter:label1\" content=\"Dur\u00e9e de lecture estim\u00e9e\" \/>\n\t<meta name=\"twitter:data1\" content=\"1 minute\" \/>\n<script type=\"application\/ld+json\" class=\"yoast-schema-graph\">{\"@context\":\"https:\\\/\\\/schema.org\",\"@graph\":[{\"@type\":\"WebPage\",\"@id\":\"https:\\\/\\\/swissdox.ch\\\/fr\\\/veille-media\\\/\",\"url\":\"https:\\\/\\\/swissdox.ch\\\/fr\\\/veille-media\\\/\",\"name\":\"R\u00e9sonance m\u00e9diatique - Swissdox\",\"isPartOf\":{\"@id\":\"https:\\\/\\\/swissdox.ch\\\/fr\\\/#website\"},\"primaryImageOfPage\":{\"@id\":\"https:\\\/\\\/swissdox.ch\\\/fr\\\/veille-media\\\/#primaryimage\"},\"image\":{\"@id\":\"https:\\\/\\\/swissdox.ch\\\/fr\\\/veille-media\\\/#primaryimage\"},\"thumbnailUrl\":\"https:\\\/\\\/swissdox.ch\\\/wp-content\\\/uploads\\\/2022\\\/01\\\/swissdox_logo_700x700.jpg\",\"datePublished\":\"2022-07-25T12:04:53+00:00\",\"dateModified\":\"2023-10-23T12:25:25+00:00\",\"description\":\"Comment votre entreprise est-elle per\u00e7ue par les m\u00e9dias ? Votre communication est-elle efficace ?Quels sont les d\u00e9bats du moment ? Swissdox a les r\u00e9ponses.\",\"breadcrumb\":{\"@id\":\"https:\\\/\\\/swissdox.ch\\\/fr\\\/veille-media\\\/#breadcrumb\"},\"inLanguage\":\"fr-FR\",\"potentialAction\":[{\"@type\":\"ReadAction\",\"target\":[\"https:\\\/\\\/swissdox.ch\\\/fr\\\/veille-media\\\/\"]}]},{\"@type\":\"ImageObject\",\"inLanguage\":\"fr-FR\",\"@id\":\"https:\\\/\\\/swissdox.ch\\\/fr\\\/veille-media\\\/#primaryimage\",\"url\":\"https:\\\/\\\/swissdox.ch\\\/wp-content\\\/uploads\\\/2022\\\/01\\\/swissdox_logo_700x700.jpg\",\"contentUrl\":\"https:\\\/\\\/swissdox.ch\\\/wp-content\\\/uploads\\\/2022\\\/01\\\/swissdox_logo_700x700.jpg\",\"width\":700,\"height\":700,\"caption\":\"Swissdox Logo\"},{\"@type\":\"BreadcrumbList\",\"@id\":\"https:\\\/\\\/swissdox.ch\\\/fr\\\/veille-media\\\/#breadcrumb\",\"itemListElement\":[{\"@type\":\"ListItem\",\"position\":1,\"name\":\"Home\",\"item\":\"https:\\\/\\\/swissdox.ch\\\/fr\\\/\"},{\"@type\":\"ListItem\",\"position\":2,\"name\":\"Veille m\u00e9dia\"}]},{\"@type\":\"WebSite\",\"@id\":\"https:\\\/\\\/swissdox.ch\\\/fr\\\/#website\",\"url\":\"https:\\\/\\\/swissdox.ch\\\/fr\\\/\",\"name\":\"Swissdox\",\"description\":\"Medienbeobachtung\",\"publisher\":{\"@id\":\"https:\\\/\\\/swissdox.ch\\\/fr\\\/#organization\"},\"potentialAction\":[{\"@type\":\"SearchAction\",\"target\":{\"@type\":\"EntryPoint\",\"urlTemplate\":\"https:\\\/\\\/swissdox.ch\\\/fr\\\/?s={search_term_string}\"},\"query-input\":{\"@type\":\"PropertyValueSpecification\",\"valueRequired\":true,\"valueName\":\"search_term_string\"}}],\"inLanguage\":\"fr-FR\"},{\"@type\":\"Organization\",\"@id\":\"https:\\\/\\\/swissdox.ch\\\/fr\\\/#organization\",\"name\":\"Swissdox AG\",\"url\":\"https:\\\/\\\/swissdox.ch\\\/fr\\\/\",\"logo\":{\"@type\":\"ImageObject\",\"inLanguage\":\"fr-FR\",\"@id\":\"https:\\\/\\\/swissdox.ch\\\/fr\\\/#\\\/schema\\\/logo\\\/image\\\/\",\"url\":\"https:\\\/\\\/swissdox.ch\\\/wp-content\\\/uploads\\\/2020\\\/06\\\/swissdox_lowresolution_logo.jpg\",\"contentUrl\":\"https:\\\/\\\/swissdox.ch\\\/wp-content\\\/uploads\\\/2020\\\/06\\\/swissdox_lowresolution_logo.jpg\",\"width\":704,\"height\":163,\"caption\":\"Swissdox AG\"},\"image\":{\"@id\":\"https:\\\/\\\/swissdox.ch\\\/fr\\\/#\\\/schema\\\/logo\\\/image\\\/\"}}]}<\/script>\n<!-- \/ Yoast SEO plugin. -->","yoast_head_json":{"title":"R\u00e9sonance m\u00e9diatique - Swissdox","description":"Comment votre entreprise est-elle per\u00e7ue par les m\u00e9dias ? Votre communication est-elle efficace ?Quels sont les d\u00e9bats du moment ? Swissdox a les r\u00e9ponses.","robots":{"index":"index","follow":"follow","max-snippet":"max-snippet:-1","max-image-preview":"max-image-preview:large","max-video-preview":"max-video-preview:-1"},"canonical":"https:\/\/swissdox.ch\/fr\/veille-media\/","og_locale":"fr_FR","og_type":"article","og_title":"R\u00e9sonance m\u00e9diatique - Swissdox","og_description":"Comment votre entreprise est-elle per\u00e7ue par les m\u00e9dias ? Votre communication est-elle efficace ?Quels sont les d\u00e9bats du moment ? Swissdox a les r\u00e9ponses.","og_url":"https:\/\/swissdox.ch\/fr\/veille-media\/","og_site_name":"Swissdox","article_modified_time":"2023-10-23T12:25:25+00:00","og_image":[{"width":700,"height":700,"url":"https:\/\/swissdox.ch\/wp-content\/uploads\/2022\/01\/swissdox_logo_700x700.jpg","type":"image\/jpeg"}],"twitter_card":"summary_large_image","twitter_misc":{"Dur\u00e9e de lecture estim\u00e9e":"1 minute"},"schema":{"@context":"https:\/\/schema.org","@graph":[{"@type":"WebPage","@id":"https:\/\/swissdox.ch\/fr\/veille-media\/","url":"https:\/\/swissdox.ch\/fr\/veille-media\/","name":"R\u00e9sonance m\u00e9diatique - Swissdox","isPartOf":{"@id":"https:\/\/swissdox.ch\/fr\/#website"},"primaryImageOfPage":{"@id":"https:\/\/swissdox.ch\/fr\/veille-media\/#primaryimage"},"image":{"@id":"https:\/\/swissdox.ch\/fr\/veille-media\/#primaryimage"},"thumbnailUrl":"https:\/\/swissdox.ch\/wp-content\/uploads\/2022\/01\/swissdox_logo_700x700.jpg","datePublished":"2022-07-25T12:04:53+00:00","dateModified":"2023-10-23T12:25:25+00:00","description":"Comment votre entreprise est-elle per\u00e7ue par les m\u00e9dias ? Votre communication est-elle efficace ?Quels sont les d\u00e9bats du moment ? Swissdox a les r\u00e9ponses.","breadcrumb":{"@id":"https:\/\/swissdox.ch\/fr\/veille-media\/#breadcrumb"},"inLanguage":"fr-FR","potentialAction":[{"@type":"ReadAction","target":["https:\/\/swissdox.ch\/fr\/veille-media\/"]}]},{"@type":"ImageObject","inLanguage":"fr-FR","@id":"https:\/\/swissdox.ch\/fr\/veille-media\/#primaryimage","url":"https:\/\/swissdox.ch\/wp-content\/uploads\/2022\/01\/swissdox_logo_700x700.jpg","contentUrl":"https:\/\/swissdox.ch\/wp-content\/uploads\/2022\/01\/swissdox_logo_700x700.jpg","width":700,"height":700,"caption":"Swissdox Logo"},{"@type":"BreadcrumbList","@id":"https:\/\/swissdox.ch\/fr\/veille-media\/#breadcrumb","itemListElement":[{"@type":"ListItem","position":1,"name":"Home","item":"https:\/\/swissdox.ch\/fr\/"},{"@type":"ListItem","position":2,"name":"Veille m\u00e9dia"}]},{"@type":"WebSite","@id":"https:\/\/swissdox.ch\/fr\/#website","url":"https:\/\/swissdox.ch\/fr\/","name":"Swissdox","description":"Medienbeobachtung","publisher":{"@id":"https:\/\/swissdox.ch\/fr\/#organization"},"potentialAction":[{"@type":"SearchAction","target":{"@type":"EntryPoint","urlTemplate":"https:\/\/swissdox.ch\/fr\/?s={search_term_string}"},"query-input":{"@type":"PropertyValueSpecification","valueRequired":true,"valueName":"search_term_string"}}],"inLanguage":"fr-FR"},{"@type":"Organization","@id":"https:\/\/swissdox.ch\/fr\/#organization","name":"Swissdox AG","url":"https:\/\/swissdox.ch\/fr\/","logo":{"@type":"ImageObject","inLanguage":"fr-FR","@id":"https:\/\/swissdox.ch\/fr\/#\/schema\/logo\/image\/","url":"https:\/\/swissdox.ch\/wp-content\/uploads\/2020\/06\/swissdox_lowresolution_logo.jpg","contentUrl":"https:\/\/swissdox.ch\/wp-content\/uploads\/2020\/06\/swissdox_lowresolution_logo.jpg","width":704,"height":163,"caption":"Swissdox AG"},"image":{"@id":"https:\/\/swissdox.ch\/fr\/#\/schema\/logo\/image\/"}}]}},"_links":{"self":[{"href":"https:\/\/swissdox.ch\/fr\/wp-json\/wp\/v2\/pages\/25242","targetHints":{"allow":["GET"]}}],"collection":[{"href":"https:\/\/swissdox.ch\/fr\/wp-json\/wp\/v2\/pages"}],"about":[{"href":"https:\/\/swissdox.ch\/fr\/wp-json\/wp\/v2\/types\/page"}],"author":[{"embeddable":true,"href":"https:\/\/swissdox.ch\/fr\/wp-json\/wp\/v2\/users\/1"}],"replies":[{"embeddable":true,"href":"https:\/\/swissdox.ch\/fr\/wp-json\/wp\/v2\/comments?post=25242"}],"version-history":[{"count":30,"href":"https:\/\/swissdox.ch\/fr\/wp-json\/wp\/v2\/pages\/25242\/revisions"}],"predecessor-version":[{"id":44779,"href":"https:\/\/swissdox.ch\/fr\/wp-json\/wp\/v2\/pages\/25242\/revisions\/44779"}],"wp:featuredmedia":[{"embeddable":true,"href":"https:\/\/swissdox.ch\/fr\/wp-json\/wp\/v2\/media\/15270"}],"wp:attachment":[{"href":"https:\/\/swissdox.ch\/fr\/wp-json\/wp\/v2\/media?parent=25242"}],"curies":[{"name":"wp","href":"https:\/\/api.w.org\/{rel}","templated":true}]}}