{"id":25247,"date":"2022-07-25T13:55:15","date_gmt":"2022-07-25T11:55:15","guid":{"rendered":"https:\/\/swissdox.ch\/?page_id=25247"},"modified":"2024-08-29T10:01:45","modified_gmt":"2024-08-29T08:01:45","slug":"recherche","status":"publish","type":"page","link":"https:\/\/swissdox.ch\/fr\/recherche\/","title":{"rendered":"Recherche"},"content":{"rendered":"\t\t<div data-elementor-type=\"wp-page\" data-elementor-id=\"25247\" class=\"elementor elementor-25247 elementor-25246\" data-elementor-post-type=\"page\">\n\t\t\t\t\t\t<section class=\"elementor-section elementor-top-section elementor-element elementor-element-566bfa7 elementor-section-boxed elementor-section-height-default elementor-section-height-default\" data-id=\"566bfa7\" data-element_type=\"section\" data-e-type=\"section\">\n\t\t\t\t\t\t<div class=\"elementor-container elementor-column-gap-default\">\n\t\t\t\t\t<div class=\"elementor-column elementor-col-100 elementor-top-column elementor-element elementor-element-571ef90\" data-id=\"571ef90\" data-element_type=\"column\" data-e-type=\"column\">\n\t\t\t<div class=\"elementor-widget-wrap elementor-element-populated\">\n\t\t\t\t\t\t<div class=\"elementor-element elementor-element-af57975 elementor-widget elementor-widget-breadcrumbs\" data-id=\"af57975\" data-element_type=\"widget\" data-e-type=\"widget\" data-widget_type=\"breadcrumbs.default\">\n\t\t\t\t<div class=\"elementor-widget-container\">\n\t\t\t\t\t<p id=\"breadcrumbs\"><span><span><a href=\"https:\/\/swissdox.ch\/fr\/\">Home<\/a><\/span><\/span><\/p>\t\t\t\t<\/div>\n\t\t\t\t<\/div>\n\t\t\t\t\t<\/div>\n\t\t<\/div>\n\t\t\t\t\t<\/div>\n\t\t<\/section>\n\t\t\t\t<section class=\"elementor-section elementor-top-section elementor-element elementor-element-ec1f365 elementor-section-boxed elementor-section-height-default elementor-section-height-default\" data-id=\"ec1f365\" data-element_type=\"section\" data-e-type=\"section\" data-settings=\"{&quot;background_background&quot;:&quot;classic&quot;}\">\n\t\t\t\t\t\t<div class=\"elementor-container elementor-column-gap-default\">\n\t\t\t\t\t<div class=\"elementor-column elementor-col-50 elementor-top-column elementor-element elementor-element-e8c2093\" data-id=\"e8c2093\" data-element_type=\"column\" data-e-type=\"column\" data-settings=\"{&quot;background_background&quot;:&quot;classic&quot;}\">\n\t\t\t<div class=\"elementor-widget-wrap elementor-element-populated\">\n\t\t\t\t\t<div class=\"elementor-background-overlay\"><\/div>\n\t\t\t\t\t\t<div class=\"elementor-element elementor-element-ef942fd elementor-widget elementor-widget-image\" data-id=\"ef942fd\" data-element_type=\"widget\" data-e-type=\"widget\" data-widget_type=\"image.default\">\n\t\t\t\t<div class=\"elementor-widget-container\">\n\t\t\t\t\t\t\t\t\t\t\t\t\t\t\t<img fetchpriority=\"high\" decoding=\"async\" width=\"960\" height=\"723\" src=\"https:\/\/swissdox.ch\/wp-content\/uploads\/2022\/08\/swissdox-recherche.jpg\" class=\"attachment-full size-full wp-image-32378\" alt=\"Swissdox Recherche\" srcset=\"https:\/\/swissdox.ch\/wp-content\/uploads\/2022\/08\/swissdox-recherche.jpg 960w, https:\/\/swissdox.ch\/wp-content\/uploads\/2022\/08\/swissdox-recherche-300x226.jpg 300w, https:\/\/swissdox.ch\/wp-content\/uploads\/2022\/08\/swissdox-recherche-768x578.jpg 768w\" sizes=\"(max-width: 960px) 100vw, 960px\" \/>\t\t\t\t\t\t\t\t\t\t\t\t\t\t\t<\/div>\n\t\t\t\t<\/div>\n\t\t\t\t\t<\/div>\n\t\t<\/div>\n\t\t\t\t<div class=\"elementor-column elementor-col-50 elementor-top-column elementor-element elementor-element-e4c427c\" data-id=\"e4c427c\" data-element_type=\"column\" data-e-type=\"column\" data-settings=\"{&quot;background_background&quot;:&quot;classic&quot;}\">\n\t\t\t<div class=\"elementor-widget-wrap elementor-element-populated\">\n\t\t\t\t\t\t<div class=\"elementor-element elementor-element-8e90790 elementor-widget elementor-widget-heading\" data-id=\"8e90790\" data-element_type=\"widget\" data-e-type=\"widget\" data-widget_type=\"heading.default\">\n\t\t\t\t<div class=\"elementor-widget-container\">\n\t\t\t\t\t<h2 class=\"elementor-heading-title elementor-size-default\">La recherche en toute simplicit\u00e9<\/h2>\t\t\t\t<\/div>\n\t\t\t\t<\/div>\n\t\t\t\t<div class=\"elementor-element elementor-element-a34ca39 elementor-widget elementor-widget-text-editor\" data-id=\"a34ca39\" data-element_type=\"widget\" data-e-type=\"widget\" data-widget_type=\"text-editor.default\">\n\t\t\t\t<div class=\"elementor-widget-container\">\n\t\t\t\t\t\t\t\t\t<p>L&rsquo;\u00e9l\u00e9ment central des services de Swissdox est un moteur de recherche sur mesure qui vous permet d&rsquo;effectuer des recherches intuitives et efficaces dans les archives de m\u00e9dias de Swissdox. De nombreuses autres fonctions facilitent la pr\u00e9cision de la recherche et vous conduisent de mani\u00e8re s\u00fbre et rapide au r\u00e9sultat souhait\u00e9.<\/p>\n\t\t\t\t\t\t\t\t<\/div>\n\t\t\t\t<\/div>\n\t\t\t\t<div class=\"elementor-element elementor-element-57820bb elementor-widget elementor-widget-text-editor\" data-id=\"57820bb\" data-element_type=\"widget\" data-e-type=\"widget\" data-widget_type=\"text-editor.default\">\n\t\t\t\t<div class=\"elementor-widget-container\">\n\t\t\t\t\t\t\t\t\t<p>Le moteur de recherche est bas\u00e9 sur Apache SolR, un serveur de recherche ind\u00e9pendant de la plate-forme, et sur la biblioth\u00e8que Java d&rsquo;Apache Lucene. Les \u00e9tapes centrales du travail avec SolR sont l&rsquo;indexation et la recherche. SolR met \u00e0 disposition des fonctions de recherche puissantes ainsi qu&rsquo;une indexation flexible, ce qui rend le moteur de recherche Swissdox tr\u00e8s puissant.<\/p>\n\t\t\t\t\t\t\t\t<\/div>\n\t\t\t\t<\/div>\n\t\t\t\t\t<\/div>\n\t\t<\/div>\n\t\t\t\t\t<\/div>\n\t\t<\/section>\n\t\t\t\t<section class=\"elementor-section elementor-top-section elementor-element elementor-element-029cecd elementor-section-boxed elementor-section-height-default elementor-section-height-default\" data-id=\"029cecd\" data-element_type=\"section\" data-e-type=\"section\">\n\t\t\t\t\t\t<div class=\"elementor-container elementor-column-gap-default\">\n\t\t\t\t\t<div class=\"elementor-column elementor-col-50 elementor-top-column elementor-element elementor-element-3daef9f\" data-id=\"3daef9f\" data-element_type=\"column\" data-e-type=\"column\" data-settings=\"{&quot;background_background&quot;:&quot;classic&quot;}\">\n\t\t\t<div class=\"elementor-widget-wrap elementor-element-populated\">\n\t\t\t\t\t\t<div class=\"elementor-element elementor-element-6176bd8 elementor-widget elementor-widget-heading\" data-id=\"6176bd8\" data-element_type=\"widget\" data-e-type=\"widget\" data-widget_type=\"heading.default\">\n\t\t\t\t<div class=\"elementor-widget-container\">\n\t\t\t\t\t<h2 class=\"elementor-heading-title elementor-size-default\">\u00c9tendue des fonctionnalit\u00e9s de la recherche<\/h2>\t\t\t\t<\/div>\n\t\t\t\t<\/div>\n\t\t\t\t<div class=\"elementor-element elementor-element-1feb7d8 elementor-widget elementor-widget-text-editor\" data-id=\"1feb7d8\" data-element_type=\"widget\" data-e-type=\"widget\" data-widget_type=\"text-editor.default\">\n\t\t\t\t<div class=\"elementor-widget-container\">\n\t\t\t\t\t\t\t\t\t<ul>\n<li>Recherche pr\u00e9cise, recherche par pertinence et recherche d&rsquo;experts<\/li>\n<li>Les termes de recherche peuvent \u00eatre affin\u00e9s par p\u00e9riode, titre, source, auteur et longueur du texte.<\/li>\n<li>Langues prises en charge : allemand, anglais, fran\u00e7ais, italien, romanche<\/li>\n<li>Pr\u00e9cision de la recherche avec neuf composants combinables<\/li>\n<li>Recherche \u00e0 facettes via les r\u00e9sultats de recherche par nom propre (auteurs, personnes, g\u00e9ographie, etc.)<\/li>\n<li>Tri des r\u00e9sultats par pertinence, date ou longueur du texte<\/li>\n<li>Mise en \u00e9vidence des r\u00e9sultats<\/li>\n<\/ul>\n\t\t\t\t\t\t\t\t<\/div>\n\t\t\t\t<\/div>\n\t\t\t\t\t<\/div>\n\t\t<\/div>\n\t\t\t\t<div class=\"elementor-column elementor-col-50 elementor-top-column elementor-element elementor-element-a0d883d\" data-id=\"a0d883d\" data-element_type=\"column\" data-e-type=\"column\" data-settings=\"{&quot;background_background&quot;:&quot;classic&quot;}\">\n\t\t\t<div class=\"elementor-widget-wrap elementor-element-populated\">\n\t\t\t\t\t\t<div class=\"elementor-element elementor-element-abbf22e elementor-widget elementor-widget-heading\" data-id=\"abbf22e\" data-element_type=\"widget\" data-e-type=\"widget\" data-widget_type=\"heading.default\">\n\t\t\t\t<div class=\"elementor-widget-container\">\n\t\t\t\t\t<h2 class=\"elementor-heading-title elementor-size-default\">Feuilleter les sources, newsticker et dossiers<\/h2>\t\t\t\t<\/div>\n\t\t\t\t<\/div>\n\t\t\t\t<div class=\"elementor-element elementor-element-bba2b7b elementor-widget elementor-widget-text-editor\" data-id=\"bba2b7b\" data-element_type=\"widget\" data-e-type=\"widget\" data-widget_type=\"text-editor.default\">\n\t\t\t\t<div class=\"elementor-widget-container\">\n\t\t\t\t\t\t\t\t\t<ul>\n<li>Feuilletage num\u00e9rique illimit\u00e9 dans les m\u00e9dias imprim\u00e9s disponibles<\/li>\n<li>Ticker en temps r\u00e9el des derni\u00e8res 24h pour les m\u00e9dias en ligne<\/li>\n<li>Retrouver des moments pr\u00e9cis de reportages issus d&rsquo;\u00e9missions de radio et de t\u00e9l\u00e9vision \u00e0 l\u2019aide de transcriptions.<\/li>\n<li>Cr\u00e9ation de dossiers th\u00e9matiques et de listes de favoris \u00e0 partager avec d&rsquo;autres utilisateurs.<\/li>\n<\/ul>\n\t\t\t\t\t\t\t\t<\/div>\n\t\t\t\t<\/div>\n\t\t\t\t\t<\/div>\n\t\t<\/div>\n\t\t\t\t\t<\/div>\n\t\t<\/section>\n\t\t\t\t<\/div>\n\t\t","protected":false},"excerpt":{"rendered":"<p>La recherche en toute simplicit\u00e9 L&rsquo;\u00e9l\u00e9ment central des services de Swissdox est un moteur de recherche sur mesure qui vous permet d&rsquo;effectuer des recherches intuitives et efficaces dans les archives de m\u00e9dias de Swissdox. De nombreuses autres fonctions facilitent la pr\u00e9cision de la recherche et vous conduisent de mani\u00e8re s\u00fbre et rapide au r\u00e9sultat souhait\u00e9. [&hellip;]<\/p>\n","protected":false},"author":1,"featured_media":15270,"parent":0,"menu_order":10,"comment_status":"closed","ping_status":"closed","template":"","meta":{"_acf_changed":false,"inline_featured_image":false,"ocean_post_layout":"full-screen","ocean_both_sidebars_style":"","ocean_both_sidebars_content_width":0,"ocean_both_sidebars_sidebars_width":0,"ocean_sidebar":"0","ocean_second_sidebar":"0","ocean_disable_margins":"enable","ocean_add_body_class":"","ocean_shortcode_before_top_bar":"","ocean_shortcode_after_top_bar":"","ocean_shortcode_before_header":"","ocean_shortcode_after_header":"","ocean_has_shortcode":"","ocean_shortcode_after_title":"","ocean_shortcode_before_footer_widgets":"","ocean_shortcode_after_footer_widgets":"","ocean_shortcode_before_footer_bottom":"","ocean_shortcode_after_footer_bottom":"","ocean_display_top_bar":"off","ocean_display_header":"default","ocean_header_style":"","ocean_center_header_left_menu":"0","ocean_custom_header_template":"0","ocean_custom_logo":0,"ocean_custom_retina_logo":0,"ocean_custom_logo_max_width":0,"ocean_custom_logo_tablet_max_width":0,"ocean_custom_logo_mobile_max_width":0,"ocean_custom_logo_max_height":0,"ocean_custom_logo_tablet_max_height":0,"ocean_custom_logo_mobile_max_height":0,"ocean_header_custom_menu":"0","ocean_menu_typo_font_family":"0","ocean_menu_typo_font_subset":"","ocean_menu_typo_font_size":0,"ocean_menu_typo_font_size_tablet":0,"ocean_menu_typo_font_size_mobile":0,"ocean_menu_typo_font_size_unit":"px","ocean_menu_typo_font_weight":"","ocean_menu_typo_font_weight_tablet":"","ocean_menu_typo_font_weight_mobile":"","ocean_menu_typo_transform":"","ocean_menu_typo_transform_tablet":"","ocean_menu_typo_transform_mobile":"","ocean_menu_typo_line_height":0,"ocean_menu_typo_line_height_tablet":0,"ocean_menu_typo_line_height_mobile":0,"ocean_menu_typo_line_height_unit":"","ocean_menu_typo_spacing":0,"ocean_menu_typo_spacing_tablet":0,"ocean_menu_typo_spacing_mobile":0,"ocean_menu_typo_spacing_unit":"","ocean_menu_link_color":"","ocean_menu_link_color_hover":"","ocean_menu_link_color_active":"","ocean_menu_link_background":"","ocean_menu_link_hover_background":"","ocean_menu_link_active_background":"","ocean_menu_social_links_bg":"","ocean_menu_social_hover_links_bg":"","ocean_menu_social_links_color":"","ocean_menu_social_hover_links_color":"","ocean_disable_title":"on","ocean_disable_heading":"default","ocean_post_title":"","ocean_post_subheading":"","ocean_post_title_style":"","ocean_post_title_background_color":"","ocean_post_title_background":0,"ocean_post_title_bg_image_position":"","ocean_post_title_bg_image_attachment":"","ocean_post_title_bg_image_repeat":"","ocean_post_title_bg_image_size":"","ocean_post_title_height":0,"ocean_post_title_bg_overlay":0.5,"ocean_post_title_bg_overlay_color":"","ocean_disable_breadcrumbs":"default","ocean_breadcrumbs_color":"","ocean_breadcrumbs_separator_color":"","ocean_breadcrumbs_links_color":"","ocean_breadcrumbs_links_hover_color":"","ocean_display_footer_widgets":"default","ocean_display_footer_bottom":"default","ocean_custom_footer_template":"0","footnotes":""},"class_list":["post-25247","page","type-page","status-publish","has-post-thumbnail","hentry","entry","has-media"],"acf":[],"yoast_head":"<!-- This site is optimized with the Yoast SEO plugin v27.5 - https:\/\/yoast.com\/product\/yoast-seo-wordpress\/ -->\n<title>La recherche en toute simplicit\u00e9 - Swissdox<\/title>\n<meta name=\"description\" content=\"L&#039;\u00e9l\u00e9ment central des services Swissdox est un moteur de recherche qui vous permet d&#039;effectuer des recherches intuitives et efficaces dans les archives m\u00e9dia.\" \/>\n<meta name=\"robots\" content=\"index, follow, max-snippet:-1, max-image-preview:large, max-video-preview:-1\" \/>\n<link rel=\"canonical\" href=\"https:\/\/swissdox.ch\/fr\/recherche\/\" \/>\n<meta property=\"og:locale\" content=\"fr_FR\" \/>\n<meta property=\"og:type\" content=\"article\" \/>\n<meta property=\"og:title\" content=\"La recherche en toute simplicit\u00e9 - Swissdox\" \/>\n<meta property=\"og:description\" content=\"L&#039;\u00e9l\u00e9ment central des services Swissdox est un moteur de recherche qui vous permet d&#039;effectuer des recherches intuitives et efficaces dans les archives m\u00e9dia.\" \/>\n<meta property=\"og:url\" content=\"https:\/\/swissdox.ch\/fr\/recherche\/\" \/>\n<meta property=\"og:site_name\" content=\"Swissdox\" \/>\n<meta property=\"article:modified_time\" content=\"2024-08-29T08:01:45+00:00\" \/>\n<meta property=\"og:image\" content=\"https:\/\/swissdox.ch\/wp-content\/uploads\/2022\/01\/swissdox_logo_700x700.jpg\" \/>\n\t<meta property=\"og:image:width\" content=\"700\" \/>\n\t<meta property=\"og:image:height\" content=\"700\" \/>\n\t<meta property=\"og:image:type\" content=\"image\/jpeg\" \/>\n<meta name=\"twitter:card\" content=\"summary_large_image\" \/>\n<meta name=\"twitter:label1\" content=\"Dur\u00e9e de lecture estim\u00e9e\" \/>\n\t<meta name=\"twitter:data1\" content=\"1 minute\" \/>\n<script type=\"application\/ld+json\" class=\"yoast-schema-graph\">{\"@context\":\"https:\\\/\\\/schema.org\",\"@graph\":[{\"@type\":\"WebPage\",\"@id\":\"https:\\\/\\\/swissdox.ch\\\/fr\\\/recherche\\\/\",\"url\":\"https:\\\/\\\/swissdox.ch\\\/fr\\\/recherche\\\/\",\"name\":\"La recherche en toute simplicit\u00e9 - Swissdox\",\"isPartOf\":{\"@id\":\"https:\\\/\\\/swissdox.ch\\\/fr\\\/#website\"},\"primaryImageOfPage\":{\"@id\":\"https:\\\/\\\/swissdox.ch\\\/fr\\\/recherche\\\/#primaryimage\"},\"image\":{\"@id\":\"https:\\\/\\\/swissdox.ch\\\/fr\\\/recherche\\\/#primaryimage\"},\"thumbnailUrl\":\"https:\\\/\\\/swissdox.ch\\\/wp-content\\\/uploads\\\/2022\\\/01\\\/swissdox_logo_700x700.jpg\",\"datePublished\":\"2022-07-25T11:55:15+00:00\",\"dateModified\":\"2024-08-29T08:01:45+00:00\",\"description\":\"L'\u00e9l\u00e9ment central des services Swissdox est un moteur de recherche qui vous permet d'effectuer des recherches intuitives et efficaces dans les archives m\u00e9dia.\",\"breadcrumb\":{\"@id\":\"https:\\\/\\\/swissdox.ch\\\/fr\\\/recherche\\\/#breadcrumb\"},\"inLanguage\":\"fr-FR\",\"potentialAction\":[{\"@type\":\"ReadAction\",\"target\":[\"https:\\\/\\\/swissdox.ch\\\/fr\\\/recherche\\\/\"]}]},{\"@type\":\"ImageObject\",\"inLanguage\":\"fr-FR\",\"@id\":\"https:\\\/\\\/swissdox.ch\\\/fr\\\/recherche\\\/#primaryimage\",\"url\":\"https:\\\/\\\/swissdox.ch\\\/wp-content\\\/uploads\\\/2022\\\/01\\\/swissdox_logo_700x700.jpg\",\"contentUrl\":\"https:\\\/\\\/swissdox.ch\\\/wp-content\\\/uploads\\\/2022\\\/01\\\/swissdox_logo_700x700.jpg\",\"width\":700,\"height\":700,\"caption\":\"Swissdox Logo\"},{\"@type\":\"BreadcrumbList\",\"@id\":\"https:\\\/\\\/swissdox.ch\\\/fr\\\/recherche\\\/#breadcrumb\",\"itemListElement\":[{\"@type\":\"ListItem\",\"position\":1,\"name\":\"Home\",\"item\":\"https:\\\/\\\/swissdox.ch\\\/fr\\\/\"},{\"@type\":\"ListItem\",\"position\":2,\"name\":\"Recherche\"}]},{\"@type\":\"WebSite\",\"@id\":\"https:\\\/\\\/swissdox.ch\\\/fr\\\/#website\",\"url\":\"https:\\\/\\\/swissdox.ch\\\/fr\\\/\",\"name\":\"Swissdox\",\"description\":\"Medienbeobachtung\",\"publisher\":{\"@id\":\"https:\\\/\\\/swissdox.ch\\\/fr\\\/#organization\"},\"potentialAction\":[{\"@type\":\"SearchAction\",\"target\":{\"@type\":\"EntryPoint\",\"urlTemplate\":\"https:\\\/\\\/swissdox.ch\\\/fr\\\/?s={search_term_string}\"},\"query-input\":{\"@type\":\"PropertyValueSpecification\",\"valueRequired\":true,\"valueName\":\"search_term_string\"}}],\"inLanguage\":\"fr-FR\"},{\"@type\":\"Organization\",\"@id\":\"https:\\\/\\\/swissdox.ch\\\/fr\\\/#organization\",\"name\":\"Swissdox AG\",\"url\":\"https:\\\/\\\/swissdox.ch\\\/fr\\\/\",\"logo\":{\"@type\":\"ImageObject\",\"inLanguage\":\"fr-FR\",\"@id\":\"https:\\\/\\\/swissdox.ch\\\/fr\\\/#\\\/schema\\\/logo\\\/image\\\/\",\"url\":\"https:\\\/\\\/swissdox.ch\\\/wp-content\\\/uploads\\\/2020\\\/06\\\/swissdox_lowresolution_logo.jpg\",\"contentUrl\":\"https:\\\/\\\/swissdox.ch\\\/wp-content\\\/uploads\\\/2020\\\/06\\\/swissdox_lowresolution_logo.jpg\",\"width\":704,\"height\":163,\"caption\":\"Swissdox AG\"},\"image\":{\"@id\":\"https:\\\/\\\/swissdox.ch\\\/fr\\\/#\\\/schema\\\/logo\\\/image\\\/\"}}]}<\/script>\n<!-- \/ Yoast SEO plugin. -->","yoast_head_json":{"title":"La recherche en toute simplicit\u00e9 - Swissdox","description":"L'\u00e9l\u00e9ment central des services Swissdox est un moteur de recherche qui vous permet d'effectuer des recherches intuitives et efficaces dans les archives m\u00e9dia.","robots":{"index":"index","follow":"follow","max-snippet":"max-snippet:-1","max-image-preview":"max-image-preview:large","max-video-preview":"max-video-preview:-1"},"canonical":"https:\/\/swissdox.ch\/fr\/recherche\/","og_locale":"fr_FR","og_type":"article","og_title":"La recherche en toute simplicit\u00e9 - Swissdox","og_description":"L'\u00e9l\u00e9ment central des services Swissdox est un moteur de recherche qui vous permet d'effectuer des recherches intuitives et efficaces dans les archives m\u00e9dia.","og_url":"https:\/\/swissdox.ch\/fr\/recherche\/","og_site_name":"Swissdox","article_modified_time":"2024-08-29T08:01:45+00:00","og_image":[{"width":700,"height":700,"url":"https:\/\/swissdox.ch\/wp-content\/uploads\/2022\/01\/swissdox_logo_700x700.jpg","type":"image\/jpeg"}],"twitter_card":"summary_large_image","twitter_misc":{"Dur\u00e9e de lecture estim\u00e9e":"1 minute"},"schema":{"@context":"https:\/\/schema.org","@graph":[{"@type":"WebPage","@id":"https:\/\/swissdox.ch\/fr\/recherche\/","url":"https:\/\/swissdox.ch\/fr\/recherche\/","name":"La recherche en toute simplicit\u00e9 - Swissdox","isPartOf":{"@id":"https:\/\/swissdox.ch\/fr\/#website"},"primaryImageOfPage":{"@id":"https:\/\/swissdox.ch\/fr\/recherche\/#primaryimage"},"image":{"@id":"https:\/\/swissdox.ch\/fr\/recherche\/#primaryimage"},"thumbnailUrl":"https:\/\/swissdox.ch\/wp-content\/uploads\/2022\/01\/swissdox_logo_700x700.jpg","datePublished":"2022-07-25T11:55:15+00:00","dateModified":"2024-08-29T08:01:45+00:00","description":"L'\u00e9l\u00e9ment central des services Swissdox est un moteur de recherche qui vous permet d'effectuer des recherches intuitives et efficaces dans les archives m\u00e9dia.","breadcrumb":{"@id":"https:\/\/swissdox.ch\/fr\/recherche\/#breadcrumb"},"inLanguage":"fr-FR","potentialAction":[{"@type":"ReadAction","target":["https:\/\/swissdox.ch\/fr\/recherche\/"]}]},{"@type":"ImageObject","inLanguage":"fr-FR","@id":"https:\/\/swissdox.ch\/fr\/recherche\/#primaryimage","url":"https:\/\/swissdox.ch\/wp-content\/uploads\/2022\/01\/swissdox_logo_700x700.jpg","contentUrl":"https:\/\/swissdox.ch\/wp-content\/uploads\/2022\/01\/swissdox_logo_700x700.jpg","width":700,"height":700,"caption":"Swissdox Logo"},{"@type":"BreadcrumbList","@id":"https:\/\/swissdox.ch\/fr\/recherche\/#breadcrumb","itemListElement":[{"@type":"ListItem","position":1,"name":"Home","item":"https:\/\/swissdox.ch\/fr\/"},{"@type":"ListItem","position":2,"name":"Recherche"}]},{"@type":"WebSite","@id":"https:\/\/swissdox.ch\/fr\/#website","url":"https:\/\/swissdox.ch\/fr\/","name":"Swissdox","description":"Medienbeobachtung","publisher":{"@id":"https:\/\/swissdox.ch\/fr\/#organization"},"potentialAction":[{"@type":"SearchAction","target":{"@type":"EntryPoint","urlTemplate":"https:\/\/swissdox.ch\/fr\/?s={search_term_string}"},"query-input":{"@type":"PropertyValueSpecification","valueRequired":true,"valueName":"search_term_string"}}],"inLanguage":"fr-FR"},{"@type":"Organization","@id":"https:\/\/swissdox.ch\/fr\/#organization","name":"Swissdox AG","url":"https:\/\/swissdox.ch\/fr\/","logo":{"@type":"ImageObject","inLanguage":"fr-FR","@id":"https:\/\/swissdox.ch\/fr\/#\/schema\/logo\/image\/","url":"https:\/\/swissdox.ch\/wp-content\/uploads\/2020\/06\/swissdox_lowresolution_logo.jpg","contentUrl":"https:\/\/swissdox.ch\/wp-content\/uploads\/2020\/06\/swissdox_lowresolution_logo.jpg","width":704,"height":163,"caption":"Swissdox AG"},"image":{"@id":"https:\/\/swissdox.ch\/fr\/#\/schema\/logo\/image\/"}}]}},"_links":{"self":[{"href":"https:\/\/swissdox.ch\/fr\/wp-json\/wp\/v2\/pages\/25247","targetHints":{"allow":["GET"]}}],"collection":[{"href":"https:\/\/swissdox.ch\/fr\/wp-json\/wp\/v2\/pages"}],"about":[{"href":"https:\/\/swissdox.ch\/fr\/wp-json\/wp\/v2\/types\/page"}],"author":[{"embeddable":true,"href":"https:\/\/swissdox.ch\/fr\/wp-json\/wp\/v2\/users\/1"}],"replies":[{"embeddable":true,"href":"https:\/\/swissdox.ch\/fr\/wp-json\/wp\/v2\/comments?post=25247"}],"version-history":[{"count":29,"href":"https:\/\/swissdox.ch\/fr\/wp-json\/wp\/v2\/pages\/25247\/revisions"}],"predecessor-version":[{"id":53046,"href":"https:\/\/swissdox.ch\/fr\/wp-json\/wp\/v2\/pages\/25247\/revisions\/53046"}],"wp:featuredmedia":[{"embeddable":true,"href":"https:\/\/swissdox.ch\/fr\/wp-json\/wp\/v2\/media\/15270"}],"wp:attachment":[{"href":"https:\/\/swissdox.ch\/fr\/wp-json\/wp\/v2\/media?parent=25247"}],"curies":[{"name":"wp","href":"https:\/\/api.w.org\/{rel}","templated":true}]}}